{"id":96,"date":"2024-04-08T07:40:18","date_gmt":"2024-04-08T07:40:18","guid":{"rendered":"https:\/\/dosgranos2.4vlab.org\/?post_type=product&#038;p=96"},"modified":"2024-04-22T20:46:49","modified_gmt":"2024-04-22T20:46:49","slug":"cafetera-de-oficina","status":"publish","type":"product","link":"https:\/\/dosgranos2.4vlab.org\/?product=cafetera-de-oficina","title":{"rendered":"CAFETERA DE OFICINA"},"content":{"rendered":"<p>Conectividad Wi-Fi: La cafetera inteligente est\u00e1 equipada con capacidades de conexi\u00f3n Wi-Fi que permiten al usuario controlarla remotamente a trav\u00e9s de una aplicaci\u00f3n m\u00f3vil o de voz, como por ejemplo mediante asistentes virtuales como Amazon Alexa o Google Assistant.<\/p>\n<p>Programaci\u00f3n y control remoto: Los usuarios pueden programar la cafetera para que prepare caf\u00e9 en un horario espec\u00edfico, lo que garantiza que puedan despertarse con una taza de caf\u00e9 fresco por las ma\u00f1anas o tener caf\u00e9 listo al llegar a casa por la tarde.<\/p>\n<p>Ajustes de personalizaci\u00f3n: Las cafeteras permiten a los usuarios ajustar variables como la fuerza del caf\u00e9, la cantidad de agua y la temperatura, para adaptarse a sus preferencias individuales.<\/p>\n<p>Notificaciones y alertas: La cafetera puede enviar notificaciones al dispositivo m\u00f3vil del usuario para informarle sobre el progreso del caf\u00e9, como cuando est\u00e1 listo para ser servido o si necesita rellenar los granos de caf\u00e9 o el agua.<\/p>\n<p>Integraci\u00f3n con otros dispositivos inteligentes: Pueden integrarse con otros dispositivos dom\u00e9sticos inteligentes, lo que permite crear rutinas automatizadas. Por ejemplo, se puede programar para que la cafetera comience a preparar caf\u00e9 cuando el despertador suene por la ma\u00f1ana.<\/p>\n<p>Funciones de mantenimiento: Incluye funciones de autolimpieza y descalcificaci\u00f3n, lo que facilita el mantenimiento y prolonga la vida \u00fatil del dispositivo.<\/p>\n","protected":false},"excerpt":{"rendered":"<div class=\"woocommerce-product-details__short-description\">\n<p>Nuestra cafetera de oficina inteligente es la soluci\u00f3n perfecta para mantener a tus empleados felices y productivos. Con funciones avanzadas y un dise\u00f1o elegante, ofrece caf\u00e9 fresco y personalizado en todo momento.<\/p>\n<\/div>\n","protected":false},"featured_media":94,"comment_status":"open","ping_status":"closed","template":"","meta":[],"product_cat":[19],"product_tag":[],"_links":{"self":[{"href":"https:\/\/dosgranos2.4vlab.org\/index.php?rest_route=\/wp\/v2\/product\/96"}],"collection":[{"href":"https:\/\/dosgranos2.4vlab.org\/index.php?rest_route=\/wp\/v2\/product"}],"about":[{"href":"https:\/\/dosgranos2.4vlab.org\/index.php?rest_route=\/wp\/v2\/types\/product"}],"replies":[{"embeddable":true,"href":"https:\/\/dosgranos2.4vlab.org\/index.php?rest_route=%2Fwp%2Fv2%2Fcomments&post=96"}],"wp:featuredmedia":[{"embeddable":true,"href":"https:\/\/dosgranos2.4vlab.org\/index.php?rest_route=\/wp\/v2\/media\/94"}],"wp:attachment":[{"href":"https:\/\/dosgranos2.4vlab.org\/index.php?rest_route=%2Fwp%2Fv2%2Fmedia&parent=96"}],"wp:term":[{"taxonomy":"product_cat","embeddable":true,"href":"https:\/\/dosgranos2.4vlab.org\/index.php?rest_route=%2Fwp%2Fv2%2Fproduct_cat&post=96"},{"taxonomy":"product_tag","embeddable":true,"href":"https:\/\/dosgranos2.4vlab.org\/index.php?rest_route=%2Fwp%2Fv2%2Fproduct_tag&post=96"}],"curies":[{"name":"wp","href":"https:\/\/api.w.org\/{rel}","templated":true}]}}